{"id":276,"date":"2025-10-28T09:26:35","date_gmt":"2025-10-28T08:26:35","guid":{"rendered":"https:\/\/www.wanaka.io\/?page_id=276"},"modified":"2026-01-10T10:41:56","modified_gmt":"2026-01-10T09:41:56","slug":"mentions-legales","status":"publish","type":"page","link":"https:\/\/www.wanaka.io\/en\/mentions-legales\/","title":{"rendered":"Legal notice"},"content":{"rendered":"<div data-elementor-type=\"wp-page\" data-elementor-id=\"276\" class=\"elementor elementor-276\" data-elementor-post-type=\"page\">\n\t\t\t\t<div class=\"elementor-element elementor-element-3e0c173 e-flex e-con-boxed e-con e-parent\" data-id=\"3e0c173\" data-element_type=\"container\">\n\t\t\t\t\t<div class=\"e-con-inner\">\n\t\t\t\t<div class=\"elementor-element elementor-element-dc44b27 elementor-widget elementor-widget-text-editor\" data-id=\"dc44b27\" data-element_type=\"widget\" data-widget_type=\"text-editor.default\">\n\t\t\t\t\t\t\t\t\t<p style=\"font-weight: 400;\"><strong>Informations l\u00e9gales<\/strong><\/p><ol><li style=\"font-weight: 400;\"><strong>Pr\u00e9sentation du site<\/strong><\/li><\/ol><p style=\"font-weight: 400;\">En vertu de l\u2019article 6 de la loi n\u00b02004-575 du 21 juin 2004 pour la confiance dans l\u2019\u00e9conomie num\u00e9rique, il est pr\u00e9cis\u00e9 aux utilisateurs du site <a href=\"https:\/\/www.wanaka.io\/en\/\" target=\"_blank\" rel=\"noopener\">www.wanaka.io<\/a> l\u2019identit\u00e9 des diff\u00e9rents intervenants dans le cadre de sa r\u00e9alisation et de son suivi :<\/p><p style=\"font-weight: 400;\"><strong>Propri\u00e9taire :<\/strong><br \/>WANAKA<br \/>33 Avenue du Maine,<br \/>75015 Paris,<br \/>France<\/p><p style=\"font-weight: 400;\">Le responsable de la publication est une personne morale.<br \/><strong>Contact du responsable de la publication :<\/strong> <a href=\"mailto:support@wanaka.io\">support@wanaka.io<\/a><\/p><p style=\"font-weight: 400;\"><strong>Conception et r\u00e9alisation du site internet :<\/strong><br \/>Benoit CONSTANT \u2013 <a href=\"https:\/\/webmaster-annecy.fr\" target=\"_blank\" rel=\"noopener\">Cr\u00e9ation de site web \u00e0 Annecy<\/a> \u2013 <a href=\"https:\/\/webmaster-annecy.fr\" target=\"_blank\" rel=\"noopener\">www.webmaster-annecy.fr<\/a><br \/><strong>Webmaster :<\/strong> Benoit CONSTANT<br \/><strong>Contact :<\/strong> <a href=\"mailto:contact@benoit-constant.fr\">contact@benoit-constant.fr<\/a><\/p><p style=\"font-weight: 400;\"><strong>H\u00e9bergeur :<\/strong><br \/>OVH SAS<br \/>2 rue Kellermann<br \/>59100 Roubaix<br \/>France<\/p><ol start=\"2\"><li style=\"font-weight: 400;\"><strong>Conditions g\u00e9n\u00e9rales d\u2019utilisation du site et des services propos\u00e9s<\/strong><\/li><\/ol><p style=\"font-weight: 400;\">L\u2019utilisation du site <a href=\"https:\/\/www.wanaka.io\/en\/\" target=\"_blank\" rel=\"noopener\">www.wanaka.io<\/a> implique l\u2019acceptation pleine et enti\u00e8re des conditions g\u00e9n\u00e9rales d\u2019utilisation ci-apr\u00e8s d\u00e9crites. Ces conditions d\u2019utilisation sont susceptibles d\u2019\u00eatre modifi\u00e9es ou compl\u00e9t\u00e9es \u00e0 tout moment ; les utilisateurs du site sont donc invit\u00e9s \u00e0 les consulter de mani\u00e8re r\u00e9guli\u00e8re. Le site est normalement accessible \u00e0 tout moment aux utilisateurs. Une interruption pour raison de maintenance technique peut \u00eatre toutefois d\u00e9cid\u00e9e par WANAKA, qui s\u2019efforcera alors de communiquer pr\u00e9alablement aux utilisateurs les dates et heures de l\u2019intervention. Le site <a href=\"https:\/\/www.wanaka.io\/en\/\" target=\"_blank\" rel=\"noopener\">www.wanaka.io<\/a> est mis \u00e0 jour r\u00e9guli\u00e8rement par WANAKA. De la m\u00eame fa\u00e7on, les mentions l\u00e9gales peuvent \u00eatre modifi\u00e9es \u00e0 tout moment ; elles s\u2019imposent n\u00e9anmoins \u00e0 l\u2019utilisateur qui est invit\u00e9 \u00e0 s\u2019y r\u00e9f\u00e9rer le plus souvent possible afin d\u2019en prendre connaissance.<\/p><ol start=\"3\"><li style=\"font-weight: 400;\"><strong>Description des services fournis<\/strong><\/li><\/ol><p style=\"font-weight: 400;\">Le site <a href=\"https:\/\/www.wanaka.io\/en\/\" target=\"_blank\" rel=\"noopener\">www.wanaka.io<\/a> a pour objet de fournir une information concernant l\u2019ensemble des activit\u00e9s de WANAKA. WANAKA s\u2019efforce de fournir sur le site des informations aussi pr\u00e9cises que possible. Toutefois, elle ne pourra \u00eatre tenue responsable des omissions, des inexactitudes et des carences dans la mise \u00e0 jour, qu\u2019elles soient de son fait ou du fait des tiers partenaires qui lui fournissent ces informations. Toutes les informations indiqu\u00e9es sur le site sont donn\u00e9es \u00e0 titre indicatif et sont susceptibles d\u2019\u00e9voluer. Les renseignements figurant sur le site ne sont pas exhaustifs et sont donn\u00e9s sous r\u00e9serve de modifications ayant \u00e9t\u00e9 apport\u00e9es depuis leur mise en ligne.<\/p><ol start=\"4\"><li style=\"font-weight: 400;\"><strong>Limitations contractuelles sur les donn\u00e9es techniques<\/strong><\/li><\/ol><p style=\"font-weight: 400;\">Le site utilise la technologie JavaScript. Le site Internet ne pourra \u00eatre tenu responsable de dommages mat\u00e9riels li\u00e9s \u00e0 l\u2019utilisation du site. De plus, l\u2019utilisateur du site s\u2019engage \u00e0 acc\u00e9der au site en utilisant un mat\u00e9riel r\u00e9cent, ne contenant pas de virus et avec un navigateur de derni\u00e8re g\u00e9n\u00e9ration mis \u00e0 jour.<\/p><ol start=\"5\"><li style=\"font-weight: 400;\"><strong>Propri\u00e9t\u00e9 intellectuelle et contrefa\u00e7ons<\/strong><\/li><\/ol><p style=\"font-weight: 400;\">WANAKA est propri\u00e9taire des droits de propri\u00e9t\u00e9 intellectuelle ou d\u00e9tient les droits d\u2019usage sur tous les \u00e9l\u00e9ments accessibles sur le site, notamment les textes, images, graphismes, logo, ic\u00f4nes, sons et logiciels. Toute reproduction, repr\u00e9sentation, modification, publication ou adaptation de tout ou partie des \u00e9l\u00e9ments du site, quel que soit le moyen ou le proc\u00e9d\u00e9 utilis\u00e9, est interdite, sauf autorisation \u00e9crite pr\u00e9alable de WANAKA. Toute exploitation non autoris\u00e9e du site ou de l\u2019un quelconque des \u00e9l\u00e9ments qu\u2019il contient sera consid\u00e9r\u00e9e comme constitutive d\u2019une contrefa\u00e7on et poursuivie conform\u00e9ment aux dispositions des articles L.335-2 et suivants du Code de la Propri\u00e9t\u00e9 Intellectuelle.<\/p><ol start=\"6\"><li style=\"font-weight: 400;\"><strong>Limitations de responsabilit\u00e9<\/strong><\/li><\/ol><p style=\"font-weight: 400;\">WANAKA ne pourra \u00eatre tenue responsable des dommages directs et indirects caus\u00e9s au mat\u00e9riel de l\u2019utilisateur, lors de l\u2019acc\u00e8s au site, et r\u00e9sultant soit de l\u2019utilisation d\u2019un mat\u00e9riel ne r\u00e9pondant pas aux sp\u00e9cifications indiqu\u00e9es ci-dessus, soit de l\u2019apparition d\u2019un bug ou d\u2019une incompatibilit\u00e9. WANAKA ne pourra \u00e9galement \u00eatre tenue responsable des dommages indirects, tels qu\u2019une perte de march\u00e9 ou une perte de chance, cons\u00e9cutifs \u00e0 l\u2019utilisation du site. Des espaces interactifs, notamment le formulaire de contact, sont \u00e0 la disposition des utilisateurs. WANAKA se r\u00e9serve le droit de supprimer, sans mise en demeure pr\u00e9alable, tout contenu d\u00e9pos\u00e9 dans cet espace qui contreviendrait \u00e0 la l\u00e9gislation applicable en France.<\/p><ol start=\"7\"><li style=\"font-weight: 400;\"><strong>Lexique<\/strong><\/li><\/ol><p style=\"font-weight: 400;\"><strong>Utilisateur :<\/strong> Internaute se connectant et utilisant le site.<br \/><strong>Informations personnelles :<\/strong> \u00ab les informations qui permettent, sous quelque forme que ce soit, directement ou non, l\u2019identification des personnes physiques auxquelles elles s\u2019appliquent \u00bb (article 4 de la loi n\u00b078-17 du 6 janvier 1978).<\/p>\t\t\t\t\t\t\t\t<\/div>\n\t\t\t\t\t<\/div>\n\t\t\t\t<\/div>\n\t\t\t\t<\/div>","protected":false},"excerpt":{"rendered":"<p>Informations l\u00e9gales Pr\u00e9sentation du site En vertu de l\u2019article 6 de la loi n\u00b02004-575 du 21 juin 2004 pour la confiance dans l\u2019\u00e9conomie num\u00e9rique, il est pr\u00e9cis\u00e9 aux utilisateurs du site www.wanaka.io l\u2019identit\u00e9 des diff\u00e9rents intervenants dans le cadre de sa r\u00e9alisation et de son suivi : Propri\u00e9taire :WANAKA33 Avenue du Maine,75015 Paris,France Le responsable [&hellip;]<\/p>","protected":false},"author":1,"featured_media":0,"parent":0,"menu_order":0,"comment_status":"closed","ping_status":"closed","template":"","meta":{"footnotes":""},"class_list":["post-276","page","type-page","status-publish","hentry"],"yoast_head":"<!-- This site is optimized with the Yoast SEO plugin v26.9 - https:\/\/yoast.com\/product\/yoast-seo-wordpress\/ -->\n<title>Mentions l\u00e9gales - WANAKA | Agriculture de pr\u00e9cision<\/title>\n<meta name=\"robots\" content=\"index, follow, max-snippet:-1, max-image-preview:large, max-video-preview:-1\" \/>\n<link rel=\"canonical\" href=\"https:\/\/www.wanaka.io\/en\/mentions-legales\/\" \/>\n<meta property=\"og:locale\" content=\"en_US\" \/>\n<meta property=\"og:type\" content=\"article\" \/>\n<meta property=\"og:title\" content=\"Mentions l\u00e9gales - WANAKA | Agriculture de pr\u00e9cision\" \/>\n<meta property=\"og:description\" content=\"Informations l\u00e9gales Pr\u00e9sentation du site En vertu de l\u2019article 6 de la loi n\u00b02004-575 du 21 juin 2004 pour la confiance dans l\u2019\u00e9conomie num\u00e9rique, il est pr\u00e9cis\u00e9 aux utilisateurs du site www.wanaka.io l\u2019identit\u00e9 des diff\u00e9rents intervenants dans le cadre de sa r\u00e9alisation et de son suivi : Propri\u00e9taire :WANAKA33 Avenue du Maine,75015 Paris,France Le responsable [&hellip;]\" \/>\n<meta property=\"og:url\" content=\"https:\/\/www.wanaka.io\/en\/mentions-legales\/\" \/>\n<meta property=\"og:site_name\" content=\"WANAKA | Agriculture de pr\u00e9cision\" \/>\n<meta property=\"article:modified_time\" content=\"2026-01-10T09:41:56+00:00\" \/>\n<meta name=\"twitter:card\" content=\"summary_large_image\" \/>\n<meta name=\"twitter:label1\" content=\"Est. reading time\" \/>\n\t<meta name=\"twitter:data1\" content=\"4 minutes\" \/>\n<script type=\"application\/ld+json\" class=\"yoast-schema-graph\">{\"@context\":\"https:\/\/schema.org\",\"@graph\":[{\"@type\":\"WebPage\",\"@id\":\"https:\/\/www.wanaka.io\/mentions-legales\/\",\"url\":\"https:\/\/www.wanaka.io\/mentions-legales\/\",\"name\":\"Mentions l\u00e9gales - WANAKA | Agriculture de pr\u00e9cision\",\"isPartOf\":{\"@id\":\"https:\/\/www.wanaka.io\/#website\"},\"datePublished\":\"2025-10-28T08:26:35+00:00\",\"dateModified\":\"2026-01-10T09:41:56+00:00\",\"breadcrumb\":{\"@id\":\"https:\/\/www.wanaka.io\/mentions-legales\/#breadcrumb\"},\"inLanguage\":\"en-US\",\"potentialAction\":[{\"@type\":\"ReadAction\",\"target\":[\"https:\/\/www.wanaka.io\/mentions-legales\/\"]}]},{\"@type\":\"BreadcrumbList\",\"@id\":\"https:\/\/www.wanaka.io\/mentions-legales\/#breadcrumb\",\"itemListElement\":[{\"@type\":\"ListItem\",\"position\":1,\"name\":\"Accueil\",\"item\":\"https:\/\/www.wanaka.io\/\"},{\"@type\":\"ListItem\",\"position\":2,\"name\":\"Mentions l\u00e9gales\"}]},{\"@type\":\"WebSite\",\"@id\":\"https:\/\/www.wanaka.io\/#website\",\"url\":\"https:\/\/www.wanaka.io\/\",\"name\":\"WANAKA\",\"description\":\"\",\"publisher\":{\"@id\":\"https:\/\/www.wanaka.io\/#organization\"},\"potentialAction\":[{\"@type\":\"SearchAction\",\"target\":{\"@type\":\"EntryPoint\",\"urlTemplate\":\"https:\/\/www.wanaka.io\/?s={search_term_string}\"},\"query-input\":{\"@type\":\"PropertyValueSpecification\",\"valueRequired\":true,\"valueName\":\"search_term_string\"}}],\"inLanguage\":\"en-US\"},{\"@type\":\"Organization\",\"@id\":\"https:\/\/www.wanaka.io\/#organization\",\"name\":\"WANAKA\",\"url\":\"https:\/\/www.wanaka.io\/\",\"logo\":{\"@type\":\"ImageObject\",\"inLanguage\":\"en-US\",\"@id\":\"https:\/\/www.wanaka.io\/#\/schema\/logo\/image\/\",\"url\":\"https:\/\/www.wanaka.io\/wp-content\/uploads\/2025\/12\/cropped-fav.png\",\"contentUrl\":\"https:\/\/www.wanaka.io\/wp-content\/uploads\/2025\/12\/cropped-fav.png\",\"width\":512,\"height\":512,\"caption\":\"WANAKA\"},\"image\":{\"@id\":\"https:\/\/www.wanaka.io\/#\/schema\/logo\/image\/\"},\"sameAs\":[\"https:\/\/www.linkedin.com\/company\/wanakagri\/\"]}]}<\/script>\n<!-- \/ Yoast SEO plugin. -->","yoast_head_json":{"title":"Mentions l\u00e9gales - WANAKA | Agriculture de pr\u00e9cision","robots":{"index":"index","follow":"follow","max-snippet":"max-snippet:-1","max-image-preview":"max-image-preview:large","max-video-preview":"max-video-preview:-1"},"canonical":"https:\/\/www.wanaka.io\/en\/mentions-legales\/","og_locale":"en_US","og_type":"article","og_title":"Mentions l\u00e9gales - WANAKA | Agriculture de pr\u00e9cision","og_description":"Informations l\u00e9gales Pr\u00e9sentation du site En vertu de l\u2019article 6 de la loi n\u00b02004-575 du 21 juin 2004 pour la confiance dans l\u2019\u00e9conomie num\u00e9rique, il est pr\u00e9cis\u00e9 aux utilisateurs du site www.wanaka.io l\u2019identit\u00e9 des diff\u00e9rents intervenants dans le cadre de sa r\u00e9alisation et de son suivi : Propri\u00e9taire :WANAKA33 Avenue du Maine,75015 Paris,France Le responsable [&hellip;]","og_url":"https:\/\/www.wanaka.io\/en\/mentions-legales\/","og_site_name":"WANAKA | Agriculture de pr\u00e9cision","article_modified_time":"2026-01-10T09:41:56+00:00","twitter_card":"summary_large_image","twitter_misc":{"Est. reading time":"4 minutes"},"schema":{"@context":"https:\/\/schema.org","@graph":[{"@type":"WebPage","@id":"https:\/\/www.wanaka.io\/mentions-legales\/","url":"https:\/\/www.wanaka.io\/mentions-legales\/","name":"Mentions l\u00e9gales - WANAKA | Agriculture de pr\u00e9cision","isPartOf":{"@id":"https:\/\/www.wanaka.io\/#website"},"datePublished":"2025-10-28T08:26:35+00:00","dateModified":"2026-01-10T09:41:56+00:00","breadcrumb":{"@id":"https:\/\/www.wanaka.io\/mentions-legales\/#breadcrumb"},"inLanguage":"en-US","potentialAction":[{"@type":"ReadAction","target":["https:\/\/www.wanaka.io\/mentions-legales\/"]}]},{"@type":"BreadcrumbList","@id":"https:\/\/www.wanaka.io\/mentions-legales\/#breadcrumb","itemListElement":[{"@type":"ListItem","position":1,"name":"Accueil","item":"https:\/\/www.wanaka.io\/"},{"@type":"ListItem","position":2,"name":"Mentions l\u00e9gales"}]},{"@type":"WebSite","@id":"https:\/\/www.wanaka.io\/#website","url":"https:\/\/www.wanaka.io\/","name":"WANAKA","description":"","publisher":{"@id":"https:\/\/www.wanaka.io\/#organization"},"potentialAction":[{"@type":"SearchAction","target":{"@type":"EntryPoint","urlTemplate":"https:\/\/www.wanaka.io\/?s={search_term_string}"},"query-input":{"@type":"PropertyValueSpecification","valueRequired":true,"valueName":"search_term_string"}}],"inLanguage":"en-US"},{"@type":"Organization","@id":"https:\/\/www.wanaka.io\/#organization","name":"WANAKA","url":"https:\/\/www.wanaka.io\/","logo":{"@type":"ImageObject","inLanguage":"en-US","@id":"https:\/\/www.wanaka.io\/#\/schema\/logo\/image\/","url":"https:\/\/www.wanaka.io\/wp-content\/uploads\/2025\/12\/cropped-fav.png","contentUrl":"https:\/\/www.wanaka.io\/wp-content\/uploads\/2025\/12\/cropped-fav.png","width":512,"height":512,"caption":"WANAKA"},"image":{"@id":"https:\/\/www.wanaka.io\/#\/schema\/logo\/image\/"},"sameAs":["https:\/\/www.linkedin.com\/company\/wanakagri\/"]}]}},"_links":{"self":[{"href":"https:\/\/www.wanaka.io\/en\/wp-json\/wp\/v2\/pages\/276","targetHints":{"allow":["GET"]}}],"collection":[{"href":"https:\/\/www.wanaka.io\/en\/wp-json\/wp\/v2\/pages"}],"about":[{"href":"https:\/\/www.wanaka.io\/en\/wp-json\/wp\/v2\/types\/page"}],"author":[{"embeddable":true,"href":"https:\/\/www.wanaka.io\/en\/wp-json\/wp\/v2\/users\/1"}],"replies":[{"embeddable":true,"href":"https:\/\/www.wanaka.io\/en\/wp-json\/wp\/v2\/comments?post=276"}],"version-history":[{"count":10,"href":"https:\/\/www.wanaka.io\/en\/wp-json\/wp\/v2\/pages\/276\/revisions"}],"predecessor-version":[{"id":1873,"href":"https:\/\/www.wanaka.io\/en\/wp-json\/wp\/v2\/pages\/276\/revisions\/1873"}],"wp:attachment":[{"href":"https:\/\/www.wanaka.io\/en\/wp-json\/wp\/v2\/media?parent=276"}],"curies":[{"name":"wp","href":"https:\/\/api.w.org\/{rel}","templated":true}]}}